{"id":131,"date":"2019-05-13T15:41:48","date_gmt":"2019-05-13T13:41:48","guid":{"rendered":"https:\/\/www.haasetank.de\/?page_id=131"},"modified":"2020-05-29T08:39:42","modified_gmt":"2020-05-29T06:39:42","slug":"company","status":"publish","type":"page","link":"https:\/\/www.haasetank.de\/en\/company\/","title":{"rendered":"Company"},"content":{"rendered":"\n<h1 class=\"wp-block-heading\">THE HAASE TANK GMBH<\/h1>\n\n\n\n<p>Haase Tank GmbH in Gro\u00dfr\u00f6hrsdorf near Dresden specializes in the development and manufacture of tanks in numerous versions for industry and building services as well as molded parts made of glass fiber reinforced plastic (GRP).<\/p>\n\n\n\n<figure class=\"wp-block-image alignwide\" title=\"\"><a href=\"https:\/\/www.haasetank.de\/app\/uploads\/sites\/2\/2019\/08\/Haase_factory.jpg\"><img loading=\"lazy\" decoding=\"async\" width=\"820\" height=\"306\" src=\"https:\/\/www.haasetank.de\/app\/uploads\/sites\/2\/2019\/08\/Haase_factory.jpg\" alt=\"In 1999 the Haase GFK-Technik GmbH was founded as an independent company in Gro\u00dfr\u00f6hrsdorf.\" class=\"wp-image-1754\" srcset=\"https:\/\/www.haasetank.de\/app\/uploads\/sites\/2\/2019\/08\/Haase_factory.jpg 820w, https:\/\/www.haasetank.de\/app\/uploads\/sites\/2\/2019\/08\/Haase_factory-300x112.jpg 300w, https:\/\/www.haasetank.de\/app\/uploads\/sites\/2\/2019\/08\/Haase_factory-768x287.jpg 768w\" sizes=\"auto, (max-width: 820px) 100vw, 820px\" \/><\/a><\/figure>\n\n\n\n<h3 class=\"wp-block-heading\">PLASTIC PRODUCTION WITH TRADITION AT HAASE TANK<\/h3>\n\n\n\n<p>As early as 1961, Mr. Harry Haase laid the foundation stone for the Haase Group with a construction company in Schleswig-Holstein and had become the market leader in the tank industry with the double-walled underground tanks in the early 1970s.<br>The slogan &#8220;I am two oil tanks&#8221;, coined by Hans Scheibner (<a href=\"https:\/\/www.youtube.com\/watch?v=tyPLVjTBJ_M\" target=\"_blank\" rel=\"noreferrer noopener\">here you can find out more about its history<\/a>) and the associated logo had made a decisive contribution to this success.<\/p>\n\n\n\n<p><\/p>\n\n\n\n<p>Plastic parts for the automotive industry have been produced in Gro\u00dfr\u00f6hrsdorf in Saxony since the 1960s. The hall, which was completed in 1989, was also designed for this, and after the political and economic turnaround, vacancy suddenly threatened without orders. At that time, Harry Haase was looking for experienced plastics technicians who could help him build molds for his underground tanks. He was so enthusiastic about the result of this collaboration that he developed the double-walled heating oil beasement tank made of GRP with the employees still remaining in the factory. With the great success of this tank, the Gro\u00dfr\u00f6hrsdorf production facility now belonged to the Haase Group as &#8220;Haase Tank GmbH Werk Sachsen&#8221;.<\/p>\n\n\n\n<div class=\"wp-block-columns is-layout-flex wp-container-core-columns-is-layout-1 wp-block-columns-is-layout-flex\">\n<div class=\"wp-block-column is-layout-flow wp-block-column-is-layout-flow\">\n<p>In 1998, an independent company was founded with &#8220;Haase GFK-Technik GmbH&#8221;. <br>In 2003, the production of the underground tanks was also moved to Gro\u00dfr\u00f6hrsdorf. This step opened up even more opportunities to continuously expand the product range. The hot water tanks, light liquid separators (LPA and LPZ) and grease separators were added to the &#8220;old classics&#8221; of the Haase basement tanks and underground tanks.<\/p>\n\n\n\n<p>In 2017 the &#8220;Haase GFK-Technik GmbH&#8221; was renamed to &#8220;Haase Tank GmbH&#8221;.<br>Since the production facility in Gro\u00dfr\u00f6hrsdorf was founded, the number of employees has increased from 7 to almost 50.<\/p>\n\n\n\n<p><\/p>\n<\/div>\n\n\n\n<div class=\"wp-block-column is-layout-flow wp-block-column-is-layout-flow\">\n<figure class=\"wp-block-image size-large\" title=\"\"><a href=\"https:\/\/www.haasetank.de\/app\/uploads\/sites\/2\/2019\/09\/Production_underground_tank.jpg\"><img loading=\"lazy\" decoding=\"async\" width=\"768\" height=\"510\" src=\"https:\/\/www.haasetank.de\/app\/uploads\/sites\/2\/2019\/09\/Production_underground_tank-768x510.jpg\" alt=\"Since 2003, the underground tanks are produced at the factory in Gro\u00dfr\u00f6hrsdorf.\" class=\"wp-image-2433\" srcset=\"https:\/\/www.haasetank.de\/app\/uploads\/sites\/2\/2019\/09\/Production_underground_tank-768x510.jpg 768w, https:\/\/www.haasetank.de\/app\/uploads\/sites\/2\/2019\/09\/Production_underground_tank-300x199.jpg 300w, https:\/\/www.haasetank.de\/app\/uploads\/sites\/2\/2019\/09\/Production_underground_tank-1024x680.jpg 1024w, https:\/\/www.haasetank.de\/app\/uploads\/sites\/2\/2019\/09\/Production_underground_tank-1536x1020.jpg 1536w, https:\/\/www.haasetank.de\/app\/uploads\/sites\/2\/2019\/09\/Production_underground_tank-2048x1360.jpg 2048w\" sizes=\"auto, (max-width: 768px) 100vw, 768px\" \/><\/a><\/figure>\n<\/div>\n<\/div>\n\n\n\n<p>Our tanks have proven themselves many times with well-known customers both in Germany and in other European countries. In the meantime, Haase quality has been used in Asia, Africa and North and South America.<\/p>\n\n\n\n<h3 class=\"wp-block-heading\">HAASE IS NOT ALONE<\/h3>\n\n\n\n<div class=\"wp-block-columns is-layout-flex wp-container-core-columns-is-layout-2 wp-block-columns-is-layout-flex\">\n<div class=\"wp-block-column is-layout-flow wp-block-column-is-layout-flow\">\n<figure class=\"wp-block-image size-large\" title=\"\"><a href=\"https:\/\/www.haasetank.de\/app\/uploads\/sites\/2\/2020\/01\/Haase_Tank_Partner.jpg\"><img loading=\"lazy\" decoding=\"async\" width=\"1024\" height=\"668\" src=\"https:\/\/www.haasetank.de\/app\/uploads\/sites\/2\/2020\/01\/Haase_Tank_Partner-1024x668.jpg\" alt=\"Partners trained by Haase can be found in Germany and other European countries.\" class=\"wp-image-4189\" srcset=\"https:\/\/www.haasetank.de\/app\/uploads\/sites\/2\/2020\/01\/Haase_Tank_Partner-1024x668.jpg 1024w, https:\/\/www.haasetank.de\/app\/uploads\/sites\/2\/2020\/01\/Haase_Tank_Partner-300x196.jpg 300w, https:\/\/www.haasetank.de\/app\/uploads\/sites\/2\/2020\/01\/Haase_Tank_Partner-768x501.jpg 768w, https:\/\/www.haasetank.de\/app\/uploads\/sites\/2\/2020\/01\/Haase_Tank_Partner-1536x1001.jpg 1536w, https:\/\/www.haasetank.de\/app\/uploads\/sites\/2\/2020\/01\/Haase_Tank_Partner.jpg 1600w\" sizes=\"auto, (max-width: 1024px) 100vw, 1024px\" \/><\/a><\/figure>\n<\/div>\n\n\n\n<div class=\"wp-block-column is-layout-flow wp-block-column-is-layout-flow\">\n<p>Of course, the employees of Haase Tank GmbH cannot be on the move everywhere in Germany and around the world. They are therefore actively supported by regional Haase partners. In Germany the number of certified partners has risen to over 60 and we also have partner companies abroad. This is how we assure our customers of optimal service, both in the industrial and in the building services area.<\/p>\n\n\n\n<p>We attach particular importance to our trusting and long-term business relationships with all our partners.<\/p>\n<\/div>\n<\/div>\n\n\n\n<h3 class=\"wp-block-heading\">INNOVATIVE GRP TECHNOLOGY<\/h3>\n\n\n\n<p>In addition to the well-known Haase underground and basement tanks for heating oil, a large number of other GRP products are now being manufactured. The basic material proves to be very versatile.<br>Glass fiber reinforced plastic is corrosion-free, dimensionally stable, aging-resistant and absolutely odor-proof. This results in a multitude of possible uses, ranging from containers for water-polluting liquids (e.g. for oils, chemicals, waste water) to oil and grease separators and landfill shafts to hot water tanks, permanently sealed linings and molded parts.<\/p>\n\n\n\n<figure class=\"wp-block-gallery columns-4 is-cropped wp-block-gallery-1 is-layout-flex wp-block-gallery-is-layout-flex\"><ul class=\"blocks-gallery-grid\"><li class=\"blocks-gallery-item\"><figure><a href=\"https:\/\/www.haasetank.de\/app\/uploads\/sites\/2\/2019\/07\/Laminating_process_manufacturing_basement_tank_Haase_flat_bottom_tank_hot_water_tank_GRP_panels.jpg\"><img loading=\"lazy\" decoding=\"async\" width=\"768\" height=\"490\" src=\"https:\/\/www.haasetank.de\/app\/uploads\/sites\/2\/2019\/07\/Laminating_process_manufacturing_basement_tank_Haase_flat_bottom_tank_hot_water_tank_GRP_panels-768x490.jpg\" alt=\"Beim Laminierverfahren werden glatte und genoppte Plattenlaminate hergestellt.\" data-id=\"1463\" data-full-url=\"https:\/\/www.haasetank.de\/app\/uploads\/sites\/2\/2019\/07\/Laminating_process_manufacturing_basement_tank_Haase_flat_bottom_tank_hot_water_tank_GRP_panels.jpg\" data-link=\"https:\/\/www.haasetank.de\/unternehmen\/technologie\/laminierverfahren_herstellung_kellertank_haase_flachbodentank_waermespeicher_gfk_platten\/\" class=\"wp-image-1463\" srcset=\"https:\/\/www.haasetank.de\/app\/uploads\/sites\/2\/2019\/07\/Laminating_process_manufacturing_basement_tank_Haase_flat_bottom_tank_hot_water_tank_GRP_panels-768x490.jpg 768w, https:\/\/www.haasetank.de\/app\/uploads\/sites\/2\/2019\/07\/Laminating_process_manufacturing_basement_tank_Haase_flat_bottom_tank_hot_water_tank_GRP_panels-300x191.jpg 300w, https:\/\/www.haasetank.de\/app\/uploads\/sites\/2\/2019\/07\/Laminating_process_manufacturing_basement_tank_Haase_flat_bottom_tank_hot_water_tank_GRP_panels-1024x654.jpg 1024w, https:\/\/www.haasetank.de\/app\/uploads\/sites\/2\/2019\/07\/Laminating_process_manufacturing_basement_tank_Haase_flat_bottom_tank_hot_water_tank_GRP_panels-540x345.jpg 540w, https:\/\/www.haasetank.de\/app\/uploads\/sites\/2\/2019\/07\/Laminating_process_manufacturing_basement_tank_Haase_flat_bottom_tank_hot_water_tank_GRP_panels.jpg 1208w\" sizes=\"auto, (max-width: 768px) 100vw, 768px\" \/><\/a><\/figure><\/li><li class=\"blocks-gallery-item\"><figure><a href=\"https:\/\/www.haasetank.de\/app\/uploads\/sites\/2\/2019\/07\/Fiber_resin_spraying_process_manufacture_basement_tank_Haase_flat_bottom_tank_hot_water_tank.jpg\"><img loading=\"lazy\" decoding=\"async\" width=\"768\" height=\"490\" src=\"https:\/\/www.haasetank.de\/app\/uploads\/sites\/2\/2019\/07\/Fiber_resin_spraying_process_manufacture_basement_tank_Haase_flat_bottom_tank_hot_water_tank-768x490.jpg\" alt=\"Das Faserharzspritzverfahren ist ein teilautomatisiertes Verfahren mitdem wir die Deckel und B\u00f6den unserer Flachbodentanks und W\u00e4rmespeicher herstellen.\" data-id=\"1462\" data-full-url=\"https:\/\/www.haasetank.de\/app\/uploads\/sites\/2\/2019\/07\/Fiber_resin_spraying_process_manufacture_basement_tank_Haase_flat_bottom_tank_hot_water_tank.jpg\" data-link=\"https:\/\/www.haasetank.de\/unternehmen\/technologie\/faserharzspritzverfahren_herstellung_kellertank_haase_flachbodentank_waermespeicher\/\" class=\"wp-image-1462\" srcset=\"https:\/\/www.haasetank.de\/app\/uploads\/sites\/2\/2019\/07\/Fiber_resin_spraying_process_manufacture_basement_tank_Haase_flat_bottom_tank_hot_water_tank-768x490.jpg 768w, https:\/\/www.haasetank.de\/app\/uploads\/sites\/2\/2019\/07\/Fiber_resin_spraying_process_manufacture_basement_tank_Haase_flat_bottom_tank_hot_water_tank-300x191.jpg 300w, https:\/\/www.haasetank.de\/app\/uploads\/sites\/2\/2019\/07\/Fiber_resin_spraying_process_manufacture_basement_tank_Haase_flat_bottom_tank_hot_water_tank-1024x654.jpg 1024w, https:\/\/www.haasetank.de\/app\/uploads\/sites\/2\/2019\/07\/Fiber_resin_spraying_process_manufacture_basement_tank_Haase_flat_bottom_tank_hot_water_tank-540x345.jpg 540w, https:\/\/www.haasetank.de\/app\/uploads\/sites\/2\/2019\/07\/Fiber_resin_spraying_process_manufacture_basement_tank_Haase_flat_bottom_tank_hot_water_tank.jpg 1208w\" sizes=\"auto, (max-width: 768px) 100vw, 768px\" \/><\/a><\/figure><\/li><li class=\"blocks-gallery-item\"><figure><a href=\"https:\/\/www.haasetank.de\/app\/uploads\/sites\/2\/2019\/07\/Trimming_robot_manufacturing_basement_tank-Haase_flat_bottom_tank.jpg\"><img loading=\"lazy\" decoding=\"async\" width=\"768\" height=\"490\" src=\"https:\/\/www.haasetank.de\/app\/uploads\/sites\/2\/2019\/07\/Trimming_robot_manufacturing_basement_tank-Haase_flat_bottom_tank-768x490.jpg\" alt=\"Auf der Beschnittroboteranlage k\u00f6nnen Bauteile mit einem Durchmesser bis zu 4 m, bei h\u00f6chster Pr\u00e4zision geschnitten werden.\" data-id=\"1465\" data-full-url=\"https:\/\/www.haasetank.de\/app\/uploads\/sites\/2\/2019\/07\/Trimming_robot_manufacturing_basement_tank-Haase_flat_bottom_tank.jpg\" data-link=\"https:\/\/www.haasetank.de\/unternehmen\/technologie\/beschnittroboter_herstellung_kellertank_haase_flachbodentank\/\" class=\"wp-image-1465\" srcset=\"https:\/\/www.haasetank.de\/app\/uploads\/sites\/2\/2019\/07\/Trimming_robot_manufacturing_basement_tank-Haase_flat_bottom_tank-768x490.jpg 768w, https:\/\/www.haasetank.de\/app\/uploads\/sites\/2\/2019\/07\/Trimming_robot_manufacturing_basement_tank-Haase_flat_bottom_tank-300x191.jpg 300w, https:\/\/www.haasetank.de\/app\/uploads\/sites\/2\/2019\/07\/Trimming_robot_manufacturing_basement_tank-Haase_flat_bottom_tank-1024x654.jpg 1024w, https:\/\/www.haasetank.de\/app\/uploads\/sites\/2\/2019\/07\/Trimming_robot_manufacturing_basement_tank-Haase_flat_bottom_tank-540x345.jpg 540w, https:\/\/www.haasetank.de\/app\/uploads\/sites\/2\/2019\/07\/Trimming_robot_manufacturing_basement_tank-Haase_flat_bottom_tank.jpg 1208w\" sizes=\"auto, (max-width: 768px) 100vw, 768px\" \/><\/a><\/figure><\/li><li class=\"blocks-gallery-item\"><figure><a href=\"https:\/\/www.haasetank.de\/app\/uploads\/sites\/2\/2019\/07\/Water_jet_cutting_system_Manufacture_basement_tank_Haase_flat_bottom_tank_hot_water_tank_GRP.jpg\"><img loading=\"lazy\" decoding=\"async\" width=\"768\" height=\"490\" src=\"https:\/\/www.haasetank.de\/app\/uploads\/sites\/2\/2019\/07\/Water_jet_cutting_system_Manufacture_basement_tank_Haase_flat_bottom_tank_hot_water_tank_GRP-768x490.jpg\" alt=\"Die Anlage ist freiprogrammierbar und beschneidet pr\u00e4zise verschiedenste GFK-Teile.\" data-id=\"1464\" data-full-url=\"https:\/\/www.haasetank.de\/app\/uploads\/sites\/2\/2019\/07\/Water_jet_cutting_system_Manufacture_basement_tank_Haase_flat_bottom_tank_hot_water_tank_GRP.jpg\" data-link=\"https:\/\/www.haasetank.de\/unternehmen\/technologie\/wasserstrahlschneidanlage_herstellung_kellertank_haase_flachbodentank_waermespeicher_gfk\/\" class=\"wp-image-1464\" srcset=\"https:\/\/www.haasetank.de\/app\/uploads\/sites\/2\/2019\/07\/Water_jet_cutting_system_Manufacture_basement_tank_Haase_flat_bottom_tank_hot_water_tank_GRP-768x490.jpg 768w, https:\/\/www.haasetank.de\/app\/uploads\/sites\/2\/2019\/07\/Water_jet_cutting_system_Manufacture_basement_tank_Haase_flat_bottom_tank_hot_water_tank_GRP-300x191.jpg 300w, https:\/\/www.haasetank.de\/app\/uploads\/sites\/2\/2019\/07\/Water_jet_cutting_system_Manufacture_basement_tank_Haase_flat_bottom_tank_hot_water_tank_GRP-1024x654.jpg 1024w, https:\/\/www.haasetank.de\/app\/uploads\/sites\/2\/2019\/07\/Water_jet_cutting_system_Manufacture_basement_tank_Haase_flat_bottom_tank_hot_water_tank_GRP-540x345.jpg 540w, https:\/\/www.haasetank.de\/app\/uploads\/sites\/2\/2019\/07\/Water_jet_cutting_system_Manufacture_basement_tank_Haase_flat_bottom_tank_hot_water_tank_GRP.jpg 1208w\" sizes=\"auto, (max-width: 768px) 100vw, 768px\" \/><\/a><\/figure><\/li><\/ul><\/figure>\n\n\n\n<p>But that&#8217;s not all: our in-house research and development department is constantly working on innovative product variants. For example, the use of natural fibers in suitable product areas has been investigated and has now been put into series production for fuel filler caps and plateaus.<\/p>\n\n\n\n<h3 class=\"wp-block-heading\">OUR COMPANY BROCHURE<\/h3>\n\n\n\n<p>You can download a company brochure with a compact overview of our products here or contact us directly using our contact form.<\/p>\n\n\n\n<div class=\"wp-block-file\"><a href=\"https:\/\/www.haasetank.de\/app\/uploads\/sites\/2\/2020\/01\/Haase-Tank-GmbH-corporate-brochure.pdf\">Haase-Tank-GmbH-Firmenbrosch\u00fcre<\/a><\/div>\n\n\n\n<h3 class=\"wp-block-heading\">Links<\/h3>\n\n\n\n<p>Here you will find links to websites of institutions and associations that deal with the topics related to our products and provide extensive information for them.<\/p>\n\n\n\n<div class=\"wp-block-columns has-4-columns is-layout-flex wp-container-core-columns-is-layout-3 wp-block-columns-is-layout-flex\">\n<div class=\"wp-block-column is-layout-flow wp-block-column-is-layout-flow\">\n<figure class=\"wp-block-image is-resized\" title=\"\"><a href=\"https:\/\/www.zukunftsheizen.de\/startseite.html\" target=\"_blank\" rel=\"noreferrer noopener\"><img loading=\"lazy\" decoding=\"async\" src=\"https:\/\/www.haasetank.de\/app\/uploads\/sites\/2\/2019\/08\/IWO_Logo.png\" alt=\"\" class=\"wp-image-1974\" width=\"120\" height=\"68\" \/><\/a><figcaption>Institut f\u00fcr W\u00e4rme und \u00d6ltechnik e.V. (IWO)<\/figcaption><\/figure>\n<\/div>\n\n\n\n<div class=\"wp-block-column is-layout-flow wp-block-column-is-layout-flow\">\n<figure class=\"wp-block-image is-resized\" title=\"\"><a href=\"https:\/\/www.bbs-gt.de\/\" target=\"_blank\" rel=\"noreferrer noopener\"><img loading=\"lazy\" decoding=\"async\" src=\"https:\/\/www.haasetank.de\/app\/uploads\/sites\/2\/2019\/08\/bbs_logo.jpg\" alt=\"\" class=\"wp-image-1975\" width=\"120\" height=\"68\" \/><\/a><figcaption>Bundesverband Beh\u00e4lterschutz G\u00fctegemeinschaft Tankschutz &amp; Tanktechnik<\/figcaption><\/figure>\n<\/div>\n\n\n\n<div class=\"wp-block-column is-layout-flow wp-block-column-is-layout-flow\">\n<figure class=\"wp-block-image is-resized\" title=\"\"><a href=\"https:\/\/www.sicherer-\u00f6ltank.de\/\" target=\"_blank\" rel=\"noreferrer noopener\"><img loading=\"lazy\" decoding=\"async\" src=\"https:\/\/www.haasetank.de\/app\/uploads\/sites\/2\/2019\/08\/sicherer_oeltank_logo.jpg\" alt=\"\" class=\"wp-image-1976\" width=\"120\" height=\"68\" \/><\/a><figcaption>Verbraucheraktion &#8220;Sichere \u00d6ltank&#8221;<\/figcaption><\/figure>\n<\/div>\n\n\n\n<div class=\"wp-block-column is-layout-flow wp-block-column-is-layout-flow\">\n<figure class=\"wp-block-image is-resized\" title=\"\"><a href=\"https:\/\/www.kfw.de\/kfw.de.html\" target=\"_blank\" rel=\"noreferrer noopener\"><img loading=\"lazy\" decoding=\"async\" src=\"https:\/\/www.haasetank.de\/app\/uploads\/sites\/2\/2019\/08\/kfw_logo.jpg\" alt=\"\" class=\"wp-image-1977\" width=\"120\" height=\"68\" \/><\/a><figcaption>Kreditanstalt f\u00fcr Wiederaufbau<\/figcaption><\/figure>\n<\/div>\n<\/div>\n\n\n\n<div class=\"wp-block-columns has-4-columns is-layout-flex wp-container-core-columns-is-layout-4 wp-block-columns-is-layout-flex\">\n<div class=\"wp-block-column is-layout-flow wp-block-column-is-layout-flow\">\n<figure class=\"wp-block-image is-resized\" title=\"\"><a href=\"https:\/\/www.bafa.de\/DE\/Home\/home_node.html\" target=\"_blank\" rel=\"noreferrer noopener\"><img loading=\"lazy\" decoding=\"async\" src=\"https:\/\/www.haasetank.de\/app\/uploads\/sites\/2\/2019\/08\/bafa_logo.jpg\" alt=\"\" class=\"wp-image-1978\" width=\"120\" height=\"68\" \/><\/a><figcaption>F\u00f6rderung erneuerbarer Energien<\/figcaption><\/figure>\n<\/div>\n\n\n\n<div class=\"wp-block-column is-layout-flow wp-block-column-is-layout-flow\">\n<figure class=\"wp-block-image is-resized\" title=\"\"><a href=\"https:\/\/www.advanced-uv.de\/ueber-uns\/willkommen\/\" target=\"_blank\" rel=\"noreferrer noopener\"><img loading=\"lazy\" decoding=\"async\" src=\"https:\/\/www.haasetank.de\/app\/uploads\/sites\/2\/2019\/08\/a_uv_logo.jpg\" alt=\"\" class=\"wp-image-1979\" width=\"120\" height=\"68\" \/><\/a><figcaption>Forschungsprojekt &#8220;UV-LED-h\u00e4rtbare Composites&#8221;<\/figcaption><\/figure>\n<\/div>\n\n\n\n<div class=\"wp-block-column is-layout-flow wp-block-column-is-layout-flow\">\n<figure class=\"wp-block-image is-resized\" title=\"\"><a href=\"https:\/\/www.dena.de\/index.php?id=1226\" target=\"_blank\" rel=\"noreferrer noopener\"><img loading=\"lazy\" decoding=\"async\" src=\"https:\/\/www.haasetank.de\/app\/uploads\/sites\/2\/2019\/08\/leuchtturm_logo.jpg\" alt=\"\" class=\"wp-image-1980\" width=\"120\" height=\"68\" \/><\/a><figcaption>Infos der Deutschen Energie-Agentur (dena)<\/figcaption><\/figure>\n<\/div>\n\n\n\n<div class=\"wp-block-column is-layout-flow wp-block-column-is-layout-flow\">\n<figure class=\"wp-block-image is-resized\" title=\"\"><a href=\"https:\/\/www.strukturfonds.sachsen.de\/europaeischer-fonds-fuer-regionale-entwicklung-efre.html\" target=\"_blank\" rel=\"noopener\"><img loading=\"lazy\" decoding=\"async\" src=\"https:\/\/www.haasetank.de\/app\/uploads\/sites\/2\/2019\/08\/efre_logo.jpg\" alt=\"\" class=\"wp-image-1981\" width=\"240\" height=\"65\" srcset=\"https:\/\/www.haasetank.de\/app\/uploads\/sites\/2\/2019\/08\/efre_logo.jpg 320w, https:\/\/www.haasetank.de\/app\/uploads\/sites\/2\/2019\/08\/efre_logo-300x82.jpg 300w\" sizes=\"auto, (max-width: 240px) 100vw, 240px\" \/><\/a><\/figure>\n<\/div>\n<\/div>\n","protected":false},"excerpt":{"rendered":"<p>THE HAASE TANK GMBH Haase Tank GmbH in Gro\u00dfr\u00f6hrsdorf near Dresden specializes in the development and manufacture of tanks in numerous versions for industry and building services as well as molded parts made of glass fiber reinforced plastic (GRP). PLASTIC PRODUCTION WITH TRADITION AT HAASE TANK As early as 1961, Mr. Harry Haase laid the [&hellip;]<\/p>\n","protected":false},"author":1,"featured_media":0,"parent":0,"menu_order":0,"comment_status":"closed","ping_status":"closed","template":"","meta":{"_acf_changed":false,"editor_notices":[],"footnotes":""},"class_list":["post-131","page","type-page","status-publish","hentry"],"acf":[],"featured_image_src":null,"featured_image_src_square":null,"_links":{"self":[{"href":"https:\/\/www.haasetank.de\/en\/wp-json\/wp\/v2\/pages\/131","targetHints":{"allow":["GET"]}}],"collection":[{"href":"https:\/\/www.haasetank.de\/en\/wp-json\/wp\/v2\/pages"}],"about":[{"href":"https:\/\/www.haasetank.de\/en\/wp-json\/wp\/v2\/types\/page"}],"author":[{"embeddable":true,"href":"https:\/\/www.haasetank.de\/en\/wp-json\/wp\/v2\/users\/1"}],"replies":[{"embeddable":true,"href":"https:\/\/www.haasetank.de\/en\/wp-json\/wp\/v2\/comments?post=131"}],"version-history":[{"count":62,"href":"https:\/\/www.haasetank.de\/en\/wp-json\/wp\/v2\/pages\/131\/revisions"}],"predecessor-version":[{"id":6420,"href":"https:\/\/www.haasetank.de\/en\/wp-json\/wp\/v2\/pages\/131\/revisions\/6420"}],"wp:attachment":[{"href":"https:\/\/www.haasetank.de\/en\/wp-json\/wp\/v2\/media?parent=131"}],"curies":[{"name":"wp","href":"https:\/\/api.w.org\/{rel}","templated":true}]}}