{"id":135,"date":"2019-05-13T15:42:05","date_gmt":"2019-05-13T13:42:05","guid":{"rendered":"https:\/\/www.haasetank.de\/?page_id=135"},"modified":"2024-11-27T15:17:40","modified_gmt":"2024-11-27T14:17:40","slug":"contact","status":"publish","type":"page","link":"https:\/\/www.haasetank.de\/en\/company\/contact\/","title":{"rendered":"Contact"},"content":{"rendered":"\n<h1 class=\"wp-block-heading\">WHAT CAN WE DO FOR YOU?<\/h1>\n\n\n\n<p>If you are considering a Haase solution or just want more information, please fill out the form or call us at <a href=\"tel:+49359523550\"><strong>+4935952 3550<\/strong><\/a>. We can be reached personally at these times:<br>Monday to Thursday from 7 a.m. to 5.30 p.m., Friday from 7 a.m. to 3 p.m.<\/p>\n\n\n\n<p><strong>Please note:<\/strong><\/p>\n\n\n\n<p class=\"has-text-align-left\">We take data protection seriously. In order to be able to contact you, we need your address data. By submitting the data in the contact form, you expressly consent to the collection and storage of this data.<\/p>\n\n\n\n<div id=\"form-block_36d92d035e442c70e3cb08c72553ede4\" class=\"form-block\">\n\n\t<form class=\"af-form acf-form\" method=\"POST\" action=\"https:\/\/www.haasetank.de\/en\/wp-json\/wp\/v2\/pages\/135\" id=\"form_5cdd1eb55ee50\" data-key=\"form_5cdd1eb55ee50\"><div class=\"af-fields acf-fields acf-form-fields -top\">\t<div id=\"acf-form-data\" class=\"acf-hidden\">\n\t\t<input type=\"hidden\" id=\"_acf_screen\" name=\"_acf_screen\" value=\"acf_form\"\/><input type=\"hidden\" id=\"_acf_post_id\" name=\"_acf_post_id\" value=\"0\"\/><input type=\"hidden\" id=\"_acf_validation\" name=\"_acf_validation\" value=\"1\"\/><input type=\"hidden\" id=\"_acf_form\" name=\"_acf_form\" value=\"0\"\/><input type=\"hidden\" id=\"_acf_nonce\" name=\"_acf_nonce\" value=\"220432ab4d\"\/><input type=\"hidden\" id=\"_acf_changed\" name=\"_acf_changed\" value=\"0\"\/>\t<\/div>\n\t<div class=\"acf-hidden\"><input type=\"hidden\" name=\"_acfnonce\" value=\"3dcada1136\"><input type=\"hidden\" name=\"nonce\" value=\"3dcada1136\"><input type=\"hidden\" name=\"af_form\" value=\"form_5cdd1eb55ee50\"><input type=\"hidden\" name=\"af_form_args\" value=\"eyJhamF4IjpmYWxzZSwiZGlzcGxheV90aXRsZSI6ZmFsc2UsImRpc3BsYXlfZGVzY3JpcHRpb24iOmZhbHNlLCJpZCI6ImZvcm1fNWNkZDFlYjU1ZWU1MCIsInZhbHVlcyI6W10sInN1Ym1pdF90ZXh0IjoiU3VibWl0IiwicmVkaXJlY3QiOiJodHRwczpcL1wvd3d3LmhhYXNldGFuay5kZVwvZW5cL21lc3NhZ2Utc2VudC1zdWNjZXNzZnVsbHlcLyIsInRhcmdldCI6Imh0dHBzOlwvXC93d3cuaGFhc2V0YW5rLmRlXC9lblwvd3AtanNvblwvd3BcL3YyXC9wYWdlc1wvMTM1IiwiZWNobyI6dHJ1ZSwiZXhjbHVkZV9maWVsZHMiOltdLCJ1cGxvYWRlciI6IndwIiwiZmlsdGVyX21vZGUiOmZhbHNlLCJsYWJlbF9wbGFjZW1lbnQiOiJ0b3AiLCJpbnN0cnVjdGlvbl9wbGFjZW1lbnQiOiJsYWJlbCIsImhvbmV5cG90Ijp0cnVlfQ==\"><input type=\"hidden\" name=\"_acf_form\" value=\"eyJhamF4IjpmYWxzZSwiZGlzcGxheV90aXRsZSI6ZmFsc2UsImRpc3BsYXlfZGVzY3JpcHRpb24iOmZhbHNlLCJpZCI6ImZvcm1fNWNkZDFlYjU1ZWU1MCIsInZhbHVlcyI6W10sInN1Ym1pdF90ZXh0IjoiU3VibWl0IiwicmVkaXJlY3QiOiJodHRwczpcL1wvd3d3LmhhYXNldGFuay5kZVwvZW5cL21lc3NhZ2Utc2VudC1zdWNjZXNzZnVsbHlcLyIsInRhcmdldCI6Imh0dHBzOlwvXC93d3cuaGFhc2V0YW5rLmRlXC9lblwvd3AtanNvblwvd3BcL3YyXC9wYWdlc1wvMTM1IiwiZWNobyI6dHJ1ZSwiZXhjbHVkZV9maWVsZHMiOltdLCJ1cGxvYWRlciI6IndwIiwiZmlsdGVyX21vZGUiOmZhbHNlLCJsYWJlbF9wbGFjZW1lbnQiOiJ0b3AiLCJpbnN0cnVjdGlvbl9wbGFjZW1lbnQiOiJsYWJlbCIsImhvbmV5cG90Ijp0cnVlfQ==\"><input type=\"hidden\" name=\"af_form_nonce\" value=\"d97c278541\"><label for=\"af_email_for_non_humans_form_5cdd1eb55ee50\" aria-hidden=\"true\">Email for non-humans<\/label><input type=\"text\" name=\"email_for_non_humans\" id=\"af_email_for_non_humans_form_5cdd1eb55ee50\" tabindex=\"-1\" autocomplete=\"off\" \/><input type=\"hidden\" name=\"af_origin_url\" value=\"https:\/\/www.haasetank.de\/en\/wp-json\/wp\/v2\/pages\/135\" \/><\/div><div class=\"af-field af-field-type-checkbox af-field-selection acf-field acf-field-checkbox acf-field-5cdd4fe95b8cb\" data-name=\"selection\" data-key=\"field_5cdd4fe95b8cb\" data-type=\"checkbox\"><div class=\"af-label acf-label\"><label for=\"acf-field_5cdd4fe95b8cb\">Ich w\u00fcnsche Informationen zu:<\/label><\/div><div class=\"af-input acf-input\"><input type=\"hidden\" name=\"acf[field_5cdd4fe95b8cb]\"\/><ul class=\"acf-checkbox-list acf-hl\" role=\"group\" aria-labelledby=\"acf-field_5cdd4fe95b8cb-label\">\n<li><label><input type=\"checkbox\" id=\"acf-field_5cdd4fe95b8cb-Kellertank\" name=\"acf[field_5cdd4fe95b8cb][]\" value=\"Kellertank\"\/> Kellertank<\/label><\/li>\n<li><label><input type=\"checkbox\" id=\"acf-field_5cdd4fe95b8cb-Lagerbeh\u00e4lter\" name=\"acf[field_5cdd4fe95b8cb][]\" value=\"Lagerbeh\u00e4lter\"\/> Lagerbeh\u00e4lter<\/label><\/li>\n<li><label><input type=\"checkbox\" id=\"acf-field_5cdd4fe95b8cb-W\u00e4rmespeicher\" name=\"acf[field_5cdd4fe95b8cb][]\" value=\"W\u00e4rmespeicher\"\/> W\u00e4rmespeicher<\/label><\/li>\n<li><label><input type=\"checkbox\" id=\"acf-field_5cdd4fe95b8cb-Auskleidung\" name=\"acf[field_5cdd4fe95b8cb][]\" value=\"Auskleidung\"\/> Auskleidung<\/label><\/li>\n<li><label><input type=\"checkbox\" id=\"acf-field_5cdd4fe95b8cb-Erdtank\" name=\"acf[field_5cdd4fe95b8cb][]\" value=\"Erdtank\"\/> Erdtank<\/label><\/li>\n<li><label><input type=\"checkbox\" id=\"acf-field_5cdd4fe95b8cb-Abscheider\" name=\"acf[field_5cdd4fe95b8cb][]\" value=\"Abscheider\"\/> Abscheider<\/label><\/li>\n<li><label><input type=\"checkbox\" id=\"acf-field_5cdd4fe95b8cb-Pelletstank\" name=\"acf[field_5cdd4fe95b8cb][]\" value=\"Pelletstank\"\/> Pelletstank<\/label><\/li>\n<\/ul>\n<\/div><\/div><div class=\"af-field af-field-type-message af-field- acf-field acf-field-message acf-field-5cdd507d5b8cd\" data-width=\"100\" style=\"width: 100%;\" data-name=\"\" data-key=\"field_5cdd507d5b8cd\" data-type=\"message\"><div class=\"af-label acf-label\"><label for=\"acf-field_5cdd507d5b8cd\">Meine Daten<\/label><\/div><div class=\"af-input acf-input\"><\/div><\/div><div class=\"af-field af-field-type-text af-field-forename acf-field acf-field-text acf-field-5cdd1ece1de35 af-field-required\" data-width=\"50\" style=\"width: 50%;\" data-name=\"forename\" data-key=\"field_5cdd1ece1de35\" data-type=\"text\"><div class=\"af-label acf-label\"><label for=\"acf-field_5cdd1ece1de35\">Vorname <span class=\"acf-required\">*<\/span><\/label><\/div><div class=\"af-input acf-input\"><div class=\"acf-input-wrap\"><input type=\"text\" id=\"acf-field_5cdd1ece1de35\" name=\"acf[field_5cdd1ece1de35]\" required=\"required\"\/><\/div><\/div><\/div><div class=\"af-field af-field-type-text af-field-lastname acf-field acf-field-text acf-field-692efff64a09a af-field-required\" data-width=\"50\" style=\"width: 50%;\" data-name=\"lastname\" data-key=\"field_692efff64a09a\" data-type=\"text\"><div class=\"af-label acf-label\"><label for=\"acf-field_692efff64a09a\">Nachname <span class=\"acf-required\">*<\/span><\/label><\/div><div class=\"af-input acf-input\"><div class=\"acf-input-wrap\"><input type=\"text\" id=\"acf-field_692efff64a09a\" name=\"acf[field_692efff64a09a]\" required=\"required\"\/><\/div><\/div><\/div><div class=\"af-field af-field-type-text af-field-firma acf-field acf-field-text acf-field-5cdd50a25b8cf\" data-width=\"50\" style=\"width: 50%;\" data-name=\"firma\" data-key=\"field_5cdd50a25b8cf\" data-type=\"text\"><div class=\"af-label acf-label\"><label for=\"acf-field_5cdd50a25b8cf\">Firma<\/label><\/div><div class=\"af-input acf-input\"><div class=\"acf-input-wrap\"><input type=\"text\" id=\"acf-field_5cdd50a25b8cf\" name=\"acf[field_5cdd50a25b8cf]\"\/><\/div><\/div><\/div><div class=\"af-field af-field-type-radio af-field-feedback acf-field acf-field-radio acf-field-5cdd513f5b8d5\" data-width=\"33\" style=\"width: 33%;\" data-name=\"feedback\" data-key=\"field_5cdd513f5b8d5\" data-type=\"radio\"><div class=\"af-label acf-label\"><label for=\"acf-field_5cdd513f5b8d5\">Ich w\u00fcnsche<\/label><\/div><div class=\"af-input acf-input\"><input type=\"hidden\" name=\"acf[field_5cdd513f5b8d5]\"\/><ul class=\"acf-radio-list acf-hl\" data-allow_null=\"0\" data-other_choice=\"0\" role=\"radiogroup\" aria-labelledby=\"acf-field_5cdd513f5b8d5-label\"><li><label class=\"selected\"><input type=\"radio\" id=\"acf-field_5cdd513f5b8d5-ruckruf\" name=\"acf[field_5cdd513f5b8d5]\" value=\"R\u00fcckruf\" checked=\"checked\"\/>R\u00fcckruf<\/label><\/li><li><label><input type=\"radio\" id=\"acf-field_5cdd513f5b8d5-angebot\" name=\"acf[field_5cdd513f5b8d5]\" value=\"Angebot\"\/>Angebot<\/label><\/li><\/ul><\/div><\/div><div class=\"af-field af-field-type-email af-field-mail acf-field acf-field-email acf-field-5cdd50cc5b8d2 af-field-required\" data-width=\"50\" style=\"width: 50%;\" data-name=\"mail\" data-key=\"field_5cdd50cc5b8d2\" data-type=\"email\"><div class=\"af-label acf-label\"><label for=\"acf-field_5cdd50cc5b8d2\">E-Mail <span class=\"acf-required\">*<\/span><\/label><\/div><div class=\"af-input acf-input\"><div class=\"acf-input-wrap\"><input type=\"email\" id=\"acf-field_5cdd50cc5b8d2\" name=\"acf[field_5cdd50cc5b8d2]\" required=\"required\"\/><\/div><\/div><\/div><div class=\"af-field af-field-type-text af-field-phone acf-field acf-field-text acf-field-5d8a022ca9dc7 af-field-required\" data-width=\"50\" style=\"width: 50%;\" data-name=\"phone\" data-key=\"field_5d8a022ca9dc7\" data-type=\"text\"><div class=\"af-label acf-label\"><label for=\"acf-field_5d8a022ca9dc7\">Telefon <span class=\"acf-required\">*<\/span><\/label><\/div><div class=\"af-input acf-input\"><div class=\"acf-input-wrap\"><input type=\"text\" id=\"acf-field_5d8a022ca9dc7\" name=\"acf[field_5d8a022ca9dc7]\" required=\"required\"\/><\/div><\/div><\/div><div class=\"af-field af-field-type-text af-field-street acf-field acf-field-text acf-field-5cdd50b35b8d0\" data-width=\"50\" style=\"width: 50%;\" data-name=\"street\" data-key=\"field_5cdd50b35b8d0\" data-type=\"text\"><div class=\"af-label acf-label\"><label for=\"acf-field_5cdd50b35b8d0\">Stra\u00dfe<\/label><\/div><div class=\"af-input acf-input\"><div class=\"acf-input-wrap\"><input type=\"text\" id=\"acf-field_5cdd50b35b8d0\" name=\"acf[field_5cdd50b35b8d0]\"\/><\/div><\/div><\/div><div class=\"af-field af-field-type-text af-field-zip-location acf-field acf-field-text acf-field-5cdd50c15b8d1 af-field-required\" data-width=\"50\" style=\"width: 50%;\" data-name=\"zip_location\" data-key=\"field_5cdd50c15b8d1\" data-type=\"text\"><div class=\"af-label acf-label\"><label for=\"acf-field_5cdd50c15b8d1\">PLZ \/ Ort <span class=\"acf-required\">*<\/span><\/label><\/div><div class=\"af-input acf-input\"><div class=\"acf-input-wrap\"><input type=\"text\" id=\"acf-field_5cdd50c15b8d1\" name=\"acf[field_5cdd50c15b8d1]\" required=\"required\"\/><\/div><\/div><\/div><div class=\"af-field af-field-type-textarea af-field-message acf-field acf-field-textarea acf-field-5cdd50d55b8d3 af-field-required\" data-width=\"100\" style=\"width: 100%;\" data-name=\"message\" data-key=\"field_5cdd50d55b8d3\" data-type=\"textarea\"><div class=\"af-label acf-label\"><label for=\"acf-field_5cdd50d55b8d3\">Nachricht <span class=\"acf-required\">*<\/span><\/label><\/div><div class=\"af-input acf-input\"><textarea id=\"acf-field_5cdd50d55b8d3\" name=\"acf[field_5cdd50d55b8d3]\" rows=\"4\" required=\"required\"><\/textarea><\/div><\/div><div class=\"msg-consent af-field af-field-type-message af-field- acf-field acf-field-message acf-field-692f00ca58c1a\" data-name=\"\" data-key=\"field_692f00ca58c1a\" data-type=\"message\"><div class=\"af-label acf-label\"><label for=\"acf-field_692f00ca58c1a\">Einwilligung zur Erhebung und Speicherung personenbezogener Daten<\/label><\/div><div class=\"af-input acf-input\"><p>Durch das Absenden des Formulars stimmen Sie der Erhebung und Speicherung der von Ihnen angegebenen Daten sowie der eventuell notwendigen Weitergabe an regional t\u00e4tige Gesch\u00e4ftspartner ausdr\u00fccklich zu.<\/p>\n<\/div><\/div><div class=\"af-submit acf-form-submit\"><button type=\"submit\" class=\"acf-button af-submit-button\">Submit<\/button><span class=\"acf-spinner af-spinner\"><\/span><\/div><\/div><\/form>\n<\/div>\n\n\n\n\n<h4 class=\"wp-block-heading\">CONSENT TO THE COLLECTION AND STORAGE OF PERSONAL DATA<\/h4>\n\n\n\n<p>By submitting the form, you expressly consent to the collection and storage of the data you have provided and any forwarding to regionally active business partners.<br><br>You can revoke your consent at any time in writing or by e-mail to the responsible company Haase Tank GmbH, Adolphstra\u00dfe 62, 01900 Gro\u00dfr\u00f6hrsdorf, e-mail address:\u00a0<a href=\"&#x6d;&#x61;&#x69;&#x6c;&#116;&#111;&#58;&#105;nfo&#x40;&#x68;&#x61;&#x61;&#x73;&#101;&#116;&#97;nk&#46;&#x64;&#x65;\"><strong>inf&#111;&#64;&#104;&#97;&#x61;&#x73;&#x65;&#x74;&#x61;&#x6e;&#x6b;&#46;de<\/strong><\/a>.<\/p>\n\n\n\n<p>In order to be able to contact you and to document correspondence with you, we collect and store the personal data you have provided in this contact form. These are:<\/p>\n\n\n\n<ul class=\"wp-block-list\">\n<li>the given name,<\/li>\n\n\n\n<li><a>the given address,<\/a><\/li>\n\n\n\n<li>the email address and<\/li>\n\n\n\n<li>the given phone numbers.<\/li>\n<\/ul>\n\n\n\n<p>This happens on the basis of the following legal bases: On the basis of your consent (Art. 6 Para. 1a GDPR):<br>If you gave or give us your consent to the processing of personal data for specific purposes, in particular to enable correspondence and contact with you, the lawfulness of this processing is given on the basis of your consent.<br><br>To fulfill contractual obligations (Art. 6 Para. 1 b GDPR):<br>The processing of personal data is carried out to provide the contractual obligations entered into with our contractual partners, in particular with our customers, or to carry out pre-contractual measures that take place at your request.<br><br><a>As part of the balancing of interests (Art. 6 Para. 1 f. GDPR):<\/a><br>If necessary, we process your data to check and optimize procedures for needs analysis and for direct customer contact as well as for advertising or market and opinion research, unless you have objected to the use of your data, as well as for measures to control the business and further develop our services and products.<br><br>We process and store your personal data as long as it is necessary to fulfill our legal and contractual obligations. If the data are no longer required for the fulfillment of legal or contractual obligations, they are deleted regularly, unless their temporary further processing is necessary to meet commercial and tax retention periods (Commercial Code and Tax Code, 2 to 10 years) and to preserve evidence in the Required within the scope of the statutory or contractual statute of limitations (up to 30 years according to \u00a7\u00a7 195 ff. BGB, whereby the regular limitation period is three years).<br>&nbsp;<\/p>\n\n\n\n<div class=\"wp-block-columns has-3-columns is-layout-flex wp-container-core-columns-is-layout-1 wp-block-columns-is-layout-flex\">\n<div class=\"wp-block-column is-layout-flow wp-block-column-is-layout-flow\">\n<p>Haase Tank GmbH<br>Adolphstra\u00dfe 62<br>01900 Gro\u00dfr\u00f6hrsdorf<\/p>\n<\/div>\n\n\n\n<div class=\"wp-block-column is-layout-flow wp-block-column-is-layout-flow\">\n<p>Tel.: <a href=\"tel:+49359523550\" data-type=\"tel\" data-id=\"tel:+49359523550\">+4935952 3550\u00a0<\/a><br>Fax: +4935952 35533<br><a href=\"mailto:info(at)haasetank.de\">info(at)haasetank.de<\/a><\/p>\n<\/div>\n\n\n\n<div class=\"wp-block-column is-layout-flow wp-block-column-is-layout-flow\">\n<p><a rel=\"noreferrer noopener\" href=\"http:\/\/facebook.com\/HaaseIchBin2Tanks\" target=\"_blank\">facebook.com\/HaaseIchBin2Tanks&nbsp;<\/a><br><a rel=\"noreferrer noopener\" href=\"http:\/\/youtube.com\/HaaseIchBin2Tanks\" target=\"_blank\">youtube.com\/HaaseIchBin2Tanks<\/a><\/p>\n<\/div>\n<\/div>\n\n\n\n<p><\/p>\n","protected":false},"excerpt":{"rendered":"<p>WHAT CAN WE DO FOR YOU? If you are considering a Haase solution or just want more information, please fill out the form or call us at +4935952 3550. We can be reached personally at these times:Monday to Thursday from 7 a.m. to 5.30 p.m., Friday from 7 a.m. to 3 p.m. Please note: We [&hellip;]<\/p>\n","protected":false},"author":1,"featured_media":0,"parent":131,"menu_order":0,"comment_status":"closed","ping_status":"closed","template":"","meta":{"_acf_changed":false,"editor_notices":[],"footnotes":""},"class_list":["post-135","page","type-page","status-publish","hentry"],"acf":[],"featured_image_src":null,"featured_image_src_square":null,"_links":{"self":[{"href":"https:\/\/www.haasetank.de\/en\/wp-json\/wp\/v2\/pages\/135","targetHints":{"allow":["GET"]}}],"collection":[{"href":"https:\/\/www.haasetank.de\/en\/wp-json\/wp\/v2\/pages"}],"about":[{"href":"https:\/\/www.haasetank.de\/en\/wp-json\/wp\/v2\/types\/page"}],"author":[{"embeddable":true,"href":"https:\/\/www.haasetank.de\/en\/wp-json\/wp\/v2\/users\/1"}],"replies":[{"embeddable":true,"href":"https:\/\/www.haasetank.de\/en\/wp-json\/wp\/v2\/comments?post=135"}],"version-history":[{"count":19,"href":"https:\/\/www.haasetank.de\/en\/wp-json\/wp\/v2\/pages\/135\/revisions"}],"predecessor-version":[{"id":6598,"href":"https:\/\/www.haasetank.de\/en\/wp-json\/wp\/v2\/pages\/135\/revisions\/6598"}],"up":[{"embeddable":true,"href":"https:\/\/www.haasetank.de\/en\/wp-json\/wp\/v2\/pages\/131"}],"wp:attachment":[{"href":"https:\/\/www.haasetank.de\/en\/wp-json\/wp\/v2\/media?parent=135"}],"curies":[{"name":"wp","href":"https:\/\/api.w.org\/{rel}","templated":true}]}}