{"id":197,"date":"2019-05-15T11:33:26","date_gmt":"2019-05-15T09:33:26","guid":{"rendered":"https:\/\/www.haasetank.de\/?page_id=197"},"modified":"2024-11-27T15:21:51","modified_gmt":"2024-11-27T14:21:51","slug":"impressum","status":"publish","type":"page","link":"https:\/\/www.haasetank.de\/en\/impressum\/","title":{"rendered":"Impressum"},"content":{"rendered":"\n<h1 class=\"wp-block-heading\">Impressum<\/h1>\n\n\n\n<h3 class=\"wp-block-heading\">Angaben gem\u00e4\u00df \u00a7 5 TMG:<\/h3>\n\n\n\n<p> Haase Tank GmbH<br> Adolphstra\u00dfe 62<br> 01900 Gro\u00dfr\u00f6hrsdorf  <\/p>\n\n\n\n<h4 class=\"wp-block-heading\">Gesch\u00e4ftsf\u00fchrer:<\/h4>\n\n\n\n<p> Harry Haase, Thomas Falkenbach  <\/p>\n\n\n\n<h4 class=\"wp-block-heading\">Kontakt:<\/h4>\n\n\n\n<p>Telefon: <a href=\"tel:035952 3550\" data-type=\"tel\" data-id=\"tel:035952 3550\">035952 3550<\/a><br>Telefax: 035952 35533<br>E-Mail: <a href=\"&#x6d;a&#x69;&#108;&#x74;&#111;&#x3a;&#x69;n&#x66;&#111;&#x40;&#104;&#x61;&#97;s&#x65;&#116;&#x61;&#110;&#x6b;&#46;d&#x65;\">&#x69;&#x6e;&#102;&#111;&#64;&#x68;&#x61;&#x61;&#115;et&#x61;&#x6e;&#107;&#46;d&#x65;<\/a><\/p>\n\n\n\n<h4 class=\"wp-block-heading\">Registereintrag:<\/h4>\n\n\n\n<p>Eintragung im Handelsregister. <br>Registergericht:Amtsgericht Dresden <br>Registernummer: HRB 18384  <\/p>\n\n\n\n<h4 class=\"wp-block-heading\">Umsatzsteuer-ID:<\/h4>\n\n\n\n<p> Umsatzsteuer-Identifikationsnummer gem\u00e4\u00df \u00a727 a Umsatzsteuergesetz:<br> DE 201063776  <\/p>\n\n\n\n<h4 class=\"wp-block-heading\">Aufsichtsbeh\u00f6rde:<\/h4>\n\n\n\n<p> Amtsgericht Dresden  <\/p>\n\n\n\n<h4 class=\"wp-block-heading\">Verantwortlich f\u00fcr den Inhalt nach \u00a7 55 Abs. 2 RStV:<\/h4>\n\n\n\n<p>Thomas Falkenbach <\/p>\n\n\n\n<p>Allgemeine Gesch\u00e4ftsbedingungen: <a href=\"https:\/\/www.haasetank.de\/app\/uploads\/sites\/2\/2020\/02\/AGB-Haase-Tank-GmbH.pdf\" target=\"_blank\" rel=\"noreferrer noopener\" aria-label=\"Hier (\u00f6ffnet in einem neuem Tab)\">Hier<\/a> k\u00f6nnen Sie die <a href=\"https:\/\/www.haasetank.de\/app\/uploads\/sites\/2\/2020\/02\/AGB-Haase-Tank-GmbH.pdf\" target=\"_blank\" rel=\"noreferrer noopener\" aria-label=\"AGB der Haase Tank GmbH (\u00f6ffnet in einem neuem Tab)\">AGB der Haase Tank GmbH<\/a><a href=\"https:\/\/www.haasetank.de\/fileadmin\/user_upload\/ueber-uns\/AGB_Haase_Tank_GmbH.pdf\"> <\/a>einsehen bzw. herunterladen. <\/p>\n\n\n\n<p>Die aktuelle Freistellungsbescheinigung unseres Unternehmens k\u00f6nnen Sie <a href=\"https:\/\/www.haasetank.de\/app\/uploads\/sites\/2\/2020\/02\/Freistellungsbescheinigung_HaaseTankGmbH.pdf\" target=\"_blank\" rel=\"noreferrer noopener\" aria-label=\"hier (\u00f6ffnet in einem neuem Tab)\">hier<\/a> herunterladen. <\/p>\n\n\n\n<p>Den Nachweis zur Steuerschuldnerschaft des Leistungsempf\u00e4ngers bei Bauleistungen k\u00f6nnen Sie <a href=\"https:\/\/www.haasetank.de\/app\/uploads\/sites\/2\/2020\/02\/Nachweis_Steuerschuldnerschaft_HaaseTankGmbH.pdf\" target=\"_blank\" rel=\"noreferrer noopener\" aria-label=\"hier (\u00f6ffnet in einem neuem Tab)\">hier<\/a><a href=\"https:\/\/www.haasetank.de\/fileadmin\/user_upload\/ueber-uns\/Nachweis_Steuerschuldnerschaft_HaaseTankGmbH.pdf\"> <\/a>herunterladen. <\/p>\n\n\n\n<h4 class=\"wp-block-heading\">Hinweis auf EU-Streitschlichtung<\/h4>\n\n\n\n<p> Die Europ\u00e4ische Kommission stellt eine Plattform zur Online-Streitbeilegung (OS) bereit: <a rel=\"noreferrer noopener\" href=\"http:\/\/ec.europa.eu\/consumers\/odr\" target=\"_blank\">http:\/\/ec.europa.eu\/consumers\/odr<\/a><br> Unsere E-Mail-Adresse finden sie oben im Impressum.  <\/p>\n\n\n\n<h3 class=\"wp-block-heading\">Haftungsausschluss<\/h3>\n\n\n\n<p><strong>Haftung f\u00fcr Inhalte<\/strong><\/p>\n\n\n\n<p>Als Diensteanbieter sind wir gem\u00e4\u00df \u00a7\n 7 Abs.1 TMG f\u00fcr eigene Inhalte auf diesen Seiten nach den allgemeinen \nGesetzen verantwortlich. Nach \u00a7\u00a7 8 bis 10 TMG sind wir als \nDiensteanbieter jedoch nicht verpflichtet, \u00fcbermittelte oder \ngespeicherte fremde Informationen zu \u00fcberwachen oder nach Umst\u00e4nden zu \nforschen, die auf eine rechtswidrige T\u00e4tigkeit hinweisen. \nVerpflichtungen zur Entfernung oder Sperrung der Nutzung von \nInformationen nach den allgemeinen Gesetzen bleiben hiervon unber\u00fchrt. \nEine diesbez\u00fcgliche Haftung ist jedoch erst ab dem Zeitpunkt der \nKenntnis einer konkreten Rechtsverletzung m\u00f6glich. Bei Bekanntwerden von\n entsprechenden Rechtsverletzungen werden wir diese Inhalte umgehend \nentfernen. <\/p>\n\n\n\n<p><strong>Haftung f\u00fcr Links<\/strong><\/p>\n\n\n\n<p>Unser Angebot enth\u00e4lt  Links zu externen Webseiten Dritter, auf deren Inhalte wir keinen Einfluss haben. Deshalb k\u00f6nnen wir f\u00fcr diese fremden Inhalte auch keine  Gew\u00e4hr \u00fcbernehmen. F\u00fcr die Inhalte der verlinkten Seiten ist stets der jeweilige Anbieter oder Betreiber der Seiten verantwortlich. Die  verlinkten Seiten wurden zum Zeitpunkt der Verlinkung auf m\u00f6gliche Rechtsverst\u00f6\u00dfe \u00fcberpr\u00fcft. Rechtswidrige Inhalte waren zum Zeitpunkt der Verlinkung nicht erkennbar. Eine permanente inhaltliche Kontrolle der verlinkten Seiten ist jedoch ohne konkrete Anhaltspunkte einer Rechtsverletzung nicht zumutbar. Bei Bekanntwerden von Rechtsverletzungen werden wir derartige Links umgehend entfernen. <\/p>\n\n\n\n<p><strong>Urheberrecht<\/strong><\/p>\n\n\n\n<p>Die\n durch die Seitenbetreiber erstellten Inhalte und Werke auf diesen \nSeiten unterliegen dem deutschen Urheberrecht. Die Vervielf\u00e4ltigung, \nBearbeitung, Verbreitung und jede Art der Verwertung au\u00dferhalb der \nGrenzen des Urheberrechtes bed\u00fcrfen der schriftlichen Zustimmung des \njeweiligen Autors bzw. Erstellers. Downloads und Kopien dieser Seite \nsind nur f\u00fcr den privaten, nicht kommerziellen Gebrauch gestattet. \nSoweit die Inhalte auf dieser Seite nicht vom Betreiber erstellt wurden,\n werden die Urheberrechte Dritter beachtet. Insbesondere werden Inhalte \nDritter als solche gekennzeichnet. Sollten Sie trotzdem auf eine \nUrheberrechtsverletzung aufmerksam werden, bitten wir um einen \nentsprechenden Hinweis. Bei Bekanntwerden von Rechtsverletzungen werden \nwir derartige Inhalte umgehend entfernen. <\/p>\n\n\n\n<p>Quelle: <em><a href=\"https:\/\/www.e-recht24.de\/impressum-generator.html\" target=\"_blank\" rel=\"noreferrer noopener\">https:\/\/www.e-recht24.de<\/a><\/em><\/p>\n","protected":false},"excerpt":{"rendered":"<p>Impressum Angaben gem\u00e4\u00df \u00a7 5 TMG: Haase Tank GmbH Adolphstra\u00dfe 62 01900 Gro\u00dfr\u00f6hrsdorf Gesch\u00e4ftsf\u00fchrer: Harry Haase, Thomas Falkenbach Kontakt: Telefon: 035952 3550Telefax: 035952 35533E-Mail: info&#64;haaseta&#110;&#107;&#46;&#100;&#101; Registereintrag: Eintragung im Handelsregister. Registergericht:Amtsgericht Dresden Registernummer: HRB 18384 Umsatzsteuer-ID: Umsatzsteuer-Identifikationsnummer gem\u00e4\u00df \u00a727 a Umsatzsteuergesetz: DE 201063776 Aufsichtsbeh\u00f6rde: Amtsgericht Dresden Verantwortlich f\u00fcr den Inhalt nach \u00a7 55 Abs. 2 RStV: [&hellip;]<\/p>\n","protected":false},"author":1,"featured_media":0,"parent":0,"menu_order":0,"comment_status":"closed","ping_status":"closed","template":"","meta":{"_acf_changed":false,"editor_notices":[],"footnotes":""},"class_list":["post-197","page","type-page","status-publish","hentry"],"acf":[],"featured_image_src":null,"featured_image_src_square":null,"_links":{"self":[{"href":"https:\/\/www.haasetank.de\/en\/wp-json\/wp\/v2\/pages\/197","targetHints":{"allow":["GET"]}}],"collection":[{"href":"https:\/\/www.haasetank.de\/en\/wp-json\/wp\/v2\/pages"}],"about":[{"href":"https:\/\/www.haasetank.de\/en\/wp-json\/wp\/v2\/types\/page"}],"author":[{"embeddable":true,"href":"https:\/\/www.haasetank.de\/en\/wp-json\/wp\/v2\/users\/1"}],"replies":[{"embeddable":true,"href":"https:\/\/www.haasetank.de\/en\/wp-json\/wp\/v2\/comments?post=197"}],"version-history":[{"count":10,"href":"https:\/\/www.haasetank.de\/en\/wp-json\/wp\/v2\/pages\/197\/revisions"}],"predecessor-version":[{"id":6602,"href":"https:\/\/www.haasetank.de\/en\/wp-json\/wp\/v2\/pages\/197\/revisions\/6602"}],"wp:attachment":[{"href":"https:\/\/www.haasetank.de\/en\/wp-json\/wp\/v2\/media?parent=197"}],"curies":[{"name":"wp","href":"https:\/\/api.w.org\/{rel}","templated":true}]}}